{"id":96,"date":"2019-05-05T12:09:46","date_gmt":"2019-05-05T12:09:46","guid":{"rendered":"https:\/\/plan4.ch\/2024\/?page_id=96"},"modified":"2024-05-23T07:38:18","modified_gmt":"2024-05-23T07:38:18","slug":"dienstleistungen","status":"publish","type":"page","link":"https:\/\/plan4.ch\/2024\/dienstleistungen\/","title":{"rendered":"Dienstleistungen"},"content":{"rendered":"\t\t<div data-elementor-type=\"wp-post\" data-elementor-id=\"96\" class=\"elementor elementor-96\">\n\t\t\t\t\t\t<section class=\"elementor-section elementor-top-section elementor-element elementor-element-37e024e elementor-section-full_width elementor-reverse-tablet elementor-section-height-default elementor-section-height-default\" data-id=\"37e024e\" data-element_type=\"section\" data-settings=\"{&quot;background_background&quot;:&quot;classic&quot;}\">\n\t\t\t\t\t\t\t<div class=\"elementor-background-overlay\"><\/div>\n\t\t\t\t\t\t\t<div class=\"elementor-container elementor-column-gap-no\">\n\t\t\t\t\t<div class=\"aux-parallax-section elementor-column elementor-col-50 elementor-top-column elementor-element elementor-element-818afc6\" data-id=\"818afc6\" data-element_type=\"column\">\n\t\t\t<div class=\"elementor-widget-wrap elementor-element-populated\">\n\t\t\t\t\t\t<div class=\"elementor-element elementor-element-2a520b3 aux-appear-watch-animation aux-fade-in-left-1 elementor-widget elementor-widget-aux_image\" data-id=\"2a520b3\" data-element_type=\"widget\" data-widget_type=\"aux_image.default\">\n\t\t\t\t<div class=\"elementor-widget-container\">\n\t\t\t\t\t<section class=\"widget-container aux-widget-image aux-alignnone aux-parent-audf8b8289\">\n    <div class=\"aux-media-hint-frame \">\n        <div class=\"aux-media-image \" >\n        \n            \n\n            \n            <img fetchpriority=\"high\" decoding=\"async\" width=\"350\" height=\"350\" src=\"data:image\/gif;base64,R0lGODlhAQABAIAAAAAAAP\/\/\/yH5BAEAAAAALAAAAAABAAEAAAIBRAA7\" class=\"aux-attachment aux-featured-image aux-attachment-id-261 aux-preload aux-blank\" alt=\"P41-4-1490x1490\" data-ratio=\"1\" data-original-w=\"1490\" sizes=\"auto\" data-srcset=\"https:\/\/plan4.ch\/2024\/wp-content\/uploads\/2024\/05\/P41-4-1490x1490-1-150x150.jpg 150w,https:\/\/plan4.ch\/2024\/wp-content\/uploads\/2024\/05\/P41-4-1490x1490-1-300x300.jpg 300w,https:\/\/plan4.ch\/2024\/wp-content\/uploads\/2024\/05\/P41-4-1490x1490-1-768x768.jpg 768w,https:\/\/plan4.ch\/2024\/wp-content\/uploads\/2024\/05\/P41-4-1490x1490-1-1024x1024.jpg 1024w,https:\/\/plan4.ch\/2024\/wp-content\/uploads\/2024\/05\/P41-4-1490x1490-1-350x350.jpg 350w\" data-src=\"https:\/\/plan4.ch\/2024\/wp-content\/uploads\/2024\/05\/P41-4-1490x1490-1-350x350.jpg\" \/>            \n                <\/div>\n    <\/div>\n\n<\/section><!-- widget-container -->\t\t\t\t<\/div>\n\t\t\t\t<\/div>\n\t\t\t\t<div class=\"elementor-element elementor-element-61a624c aux-appear-watch-animation aux-fade-in-left elementor-widget elementor-widget-aux_modern_heading\" data-id=\"61a624c\" data-element_type=\"widget\" data-widget_type=\"aux_modern_heading.default\">\n\t\t\t\t<div class=\"elementor-widget-container\">\n\t\t\t\t\t<section class=\"aux-widget-modern-heading\">\n            <div class=\"aux-widget-inner\"><h2 class=\"aux-modern-heading-primary\">Innen Architektur<\/h2><div class=\"aux-modern-heading-description\"><p>Unsere ausgebildeten Innenarchitekten werden sehr gerne f\u00fcr Sie massgeschneiderte Inneneinrichtungen zusammenstellen, Materialisierungsvorschl\u00e4ge erarbeiten und die Arbeiten in der Umsetzung aktiv unterst\u00fctzen.<\/p><p>\u00abWir sind Fachleute, vertrauen Sie uns\u00bb<\/p><\/div><\/div>\n        <\/section>\t\t\t\t<\/div>\n\t\t\t\t<\/div>\n\t\t\t\t<div class=\"elementor-element elementor-element-265c6ae aux-appear-watch-animation aux-fade-in-left-1 elementor-widget elementor-widget-aux_image\" data-id=\"265c6ae\" data-element_type=\"widget\" data-widget_type=\"aux_image.default\">\n\t\t\t\t<div class=\"elementor-widget-container\">\n\t\t\t\t\t<section class=\"widget-container aux-widget-image aux-alignnone aux-parent-aufe7c6e4b\">\n    <div class=\"aux-media-hint-frame \">\n        <div class=\"aux-media-image \" >\n        \n            \n\n            \n            <img decoding=\"async\" width=\"350\" height=\"350\" src=\"data:image\/gif;base64,R0lGODlhAQABAIAAAAAAAP\/\/\/yH5BAEAAAAALAAAAAABAAEAAAIBRAA7\" class=\"aux-attachment aux-featured-image aux-attachment-id-300 aux-preload aux-blank\" alt=\"D2\" data-ratio=\"1\" data-original-w=\"769\" sizes=\"auto\" data-srcset=\"https:\/\/plan4.ch\/2024\/wp-content\/uploads\/2024\/05\/D2-150x150.jpg 150w,https:\/\/plan4.ch\/2024\/wp-content\/uploads\/2024\/05\/D2-300x300.jpg 300w,https:\/\/plan4.ch\/2024\/wp-content\/uploads\/2024\/05\/D2-768x768.jpg 768w,https:\/\/plan4.ch\/2024\/wp-content\/uploads\/2024\/05\/D2-350x350.jpg 350w\" data-src=\"https:\/\/plan4.ch\/2024\/wp-content\/uploads\/2024\/05\/D2-350x350.jpg\" \/>            \n                <\/div>\n    <\/div>\n\n<\/section><!-- widget-container -->\t\t\t\t<\/div>\n\t\t\t\t<\/div>\n\t\t\t\t<div class=\"elementor-element elementor-element-7a8ccba aux-appear-watch-animation aux-fade-in-left elementor-widget elementor-widget-aux_modern_heading\" data-id=\"7a8ccba\" data-element_type=\"widget\" data-widget_type=\"aux_modern_heading.default\">\n\t\t\t\t<div class=\"elementor-widget-container\">\n\t\t\t\t\t<section class=\"aux-widget-modern-heading\">\n            <div class=\"aux-widget-inner\"><h2 class=\"aux-modern-heading-primary\">Bauberatung<\/h2><div class=\"aux-modern-heading-description\"><p>Wir m\u00f6chten Ihnen unsere Erfahrung in allen Bereichen der Bauberatung anbieten. Wollen Sie investieren und suchen einen guten Ansatz oder Grundlagenabkl\u00e4rungen um Entscheidungen zu treffen, dann sind Sie hier genau richtig. Wir unterst\u00fctzen Sie auch sehr gerne in Projektentwicklungen. Wir zeigen Ihnen die richtigen Wege auf. Oder haben Sie Probleme mit Unternehmern, Institutionen oder auch Planern \u2013 wir k\u00f6nnen Ihnen hilfreiche Tipps geben, wie Sie vorgehen sollten und versuchen zu verhandeln.<\/p><p>\u00abWir sind Fachleute, vertrauen Sie uns\u00bb<\/p><\/div><\/div>\n        <\/section>\t\t\t\t<\/div>\n\t\t\t\t<\/div>\n\t\t\t\t\t<\/div>\n\t\t<\/div>\n\t\t\t\t<div class=\"aux-parallax-section elementor-column elementor-col-50 elementor-top-column elementor-element elementor-element-1b905fd\" data-id=\"1b905fd\" data-element_type=\"column\">\n\t\t\t<div class=\"elementor-widget-wrap elementor-element-populated\">\n\t\t\t\t\t\t<div class=\"elementor-element elementor-element-bda2de1 aux-appear-watch-animation aux-fade-in-left elementor-widget elementor-widget-aux_modern_heading\" data-id=\"bda2de1\" data-element_type=\"widget\" data-widget_type=\"aux_modern_heading.default\">\n\t\t\t\t<div class=\"elementor-widget-container\">\n\t\t\t\t\t<section class=\"aux-widget-modern-heading\">\n            <div class=\"aux-widget-inner\"><h2 class=\"aux-modern-heading-primary\">Architektur<\/h2><div class=\"aux-modern-heading-description\">In der Architektur geht nicht darum sich selber zu verwirklichen. Vielmehr darum, dem Kunden zuh\u00f6ren und seine W\u00fcnsche in Bezug auf Formen, Materialien und Kosten termingerecht umzusetzen. Im Vordergrund steht immer der Kunde.\n\n\u00abWir sind Fachleute, vertrauen Sie uns\u00bb<\/div><\/div>\n        <\/section>\t\t\t\t<\/div>\n\t\t\t\t<\/div>\n\t\t\t\t<div class=\"elementor-element elementor-element-e062dbe aux-appear-watch-animation aux-fade-in-left-1 elementor-widget elementor-widget-aux_image\" data-id=\"e062dbe\" data-element_type=\"widget\" data-widget_type=\"aux_image.default\">\n\t\t\t\t<div class=\"elementor-widget-container\">\n\t\t\t\t\t<section class=\"widget-container aux-widget-image aux-alignnone aux-parent-au861930bd\">\n    <div class=\"aux-media-hint-frame \">\n        <div class=\"aux-media-image \" >\n        \n            \n\n            \n            <img decoding=\"async\" width=\"350\" height=\"350\" src=\"data:image\/gif;base64,R0lGODlhAQABAIAAAAAAAP\/\/\/yH5BAEAAAAALAAAAAABAAEAAAIBRAA7\" class=\"aux-attachment aux-featured-image aux-attachment-id-259 aux-preload aux-blank\" alt=\"P41-2-1490x1490\" data-ratio=\"1\" data-original-w=\"1490\" sizes=\"auto\" data-srcset=\"https:\/\/plan4.ch\/2024\/wp-content\/uploads\/2024\/05\/P41-2-1490x1490-1-150x150.jpg 150w,https:\/\/plan4.ch\/2024\/wp-content\/uploads\/2024\/05\/P41-2-1490x1490-1-300x300.jpg 300w,https:\/\/plan4.ch\/2024\/wp-content\/uploads\/2024\/05\/P41-2-1490x1490-1-768x768.jpg 768w,https:\/\/plan4.ch\/2024\/wp-content\/uploads\/2024\/05\/P41-2-1490x1490-1-1024x1024.jpg 1024w,https:\/\/plan4.ch\/2024\/wp-content\/uploads\/2024\/05\/P41-2-1490x1490-1-350x350.jpg 350w\" data-src=\"https:\/\/plan4.ch\/2024\/wp-content\/uploads\/2024\/05\/P41-2-1490x1490-1-350x350.jpg\" \/>            \n                <\/div>\n    <\/div>\n\n<\/section><!-- widget-container -->\t\t\t\t<\/div>\n\t\t\t\t<\/div>\n\t\t\t\t<div class=\"elementor-element elementor-element-0cb8818 aux-appear-watch-animation aux-fade-in-left elementor-widget elementor-widget-aux_modern_heading\" data-id=\"0cb8818\" data-element_type=\"widget\" data-widget_type=\"aux_modern_heading.default\">\n\t\t\t\t<div class=\"elementor-widget-container\">\n\t\t\t\t\t<section class=\"aux-widget-modern-heading\">\n            <div class=\"aux-widget-inner\"><h2 class=\"aux-modern-heading-primary\">Bauleitung<\/h2><div class=\"aux-modern-heading-description\"><p>In der Umsetzung unserer Projekte treffen viele Unternehmen aufeinander. Unsere professionelle Bauleitung koordiniert, organisiert und kontrolliert die Arbeiten strukturiert. Wir stehen f\u00fcr unsere Bauherrschaft jederzeit ein und sichern termingerechte und kostenneutrale Projekte zu.<\/p><p>\u00abWir sind Fachleute, vertrauen Sie uns\u00bb<\/p><\/div><\/div>\n        <\/section>\t\t\t\t<\/div>\n\t\t\t\t<\/div>\n\t\t\t\t<div class=\"elementor-element elementor-element-aad5091 aux-appear-watch-animation aux-fade-in-left-1 elementor-widget elementor-widget-aux_image\" data-id=\"aad5091\" data-element_type=\"widget\" data-widget_type=\"aux_image.default\">\n\t\t\t\t<div class=\"elementor-widget-container\">\n\t\t\t\t\t<section class=\"widget-container aux-widget-image aux-alignnone aux-parent-auecf8f9b9\">\n    <div class=\"aux-media-hint-frame \">\n        <div class=\"aux-media-image \" >\n        \n            \n\n            \n            <img loading=\"lazy\" decoding=\"async\" width=\"350\" height=\"350\" src=\"data:image\/gif;base64,R0lGODlhAQABAIAAAAAAAP\/\/\/yH5BAEAAAAALAAAAAABAAEAAAIBRAA7\" class=\"aux-attachment aux-featured-image aux-attachment-id-310 aux-preload aux-blank\" alt=\"bauconsulting\" data-ratio=\"1\" data-original-w=\"649\" sizes=\"auto\" data-srcset=\"https:\/\/plan4.ch\/2024\/wp-content\/uploads\/2024\/05\/bauconsulting-150x150.jpg 150w,https:\/\/plan4.ch\/2024\/wp-content\/uploads\/2024\/05\/bauconsulting-300x300.jpg 300w,https:\/\/plan4.ch\/2024\/wp-content\/uploads\/2024\/05\/bauconsulting-350x350.jpg 350w\" data-src=\"https:\/\/plan4.ch\/2024\/wp-content\/uploads\/2024\/05\/bauconsulting-350x350.jpg\" \/>            \n                <\/div>\n    <\/div>\n\n<\/section><!-- widget-container -->\t\t\t\t<\/div>\n\t\t\t\t<\/div>\n\t\t\t\t\t<\/div>\n\t\t<\/div>\n\t\t\t\t\t<\/div>\n\t\t<\/section>\n\t\t\t\t<\/div>\n\t\t","protected":false},"excerpt":{"rendered":"<p>Innen Architektur Unsere ausgebildeten Innenarchitekten werden sehr gerne f\u00fcr Sie massgeschneiderte Inneneinrichtungen zusammenstellen, Materialisierungsvorschl\u00e4ge erarbeiten und die Arbeiten in der Umsetzung aktiv unterst\u00fctzen. \u00abWir sind Fachleute, vertrauen Sie uns\u00bb Bauberatung Wir m\u00f6chten Ihnen unsere Erfahrung in allen Bereichen der Bauberatung anbieten. Wollen Sie investieren und suchen einen guten Ansatz oder Grundlagenabkl\u00e4rungen um Entscheidungen zu treffen, [&hellip;]<\/p>\n","protected":false},"author":1,"featured_media":0,"parent":0,"menu_order":0,"comment_status":"closed","ping_status":"closed","template":"","meta":{"footnotes":""},"class_list":["post-96","page","type-page","status-publish","hentry"],"_links":{"self":[{"href":"https:\/\/plan4.ch\/2024\/wp-json\/wp\/v2\/pages\/96","targetHints":{"allow":["GET"]}}],"collection":[{"href":"https:\/\/plan4.ch\/2024\/wp-json\/wp\/v2\/pages"}],"about":[{"href":"https:\/\/plan4.ch\/2024\/wp-json\/wp\/v2\/types\/page"}],"author":[{"embeddable":true,"href":"https:\/\/plan4.ch\/2024\/wp-json\/wp\/v2\/users\/1"}],"replies":[{"embeddable":true,"href":"https:\/\/plan4.ch\/2024\/wp-json\/wp\/v2\/comments?post=96"}],"version-history":[{"count":28,"href":"https:\/\/plan4.ch\/2024\/wp-json\/wp\/v2\/pages\/96\/revisions"}],"predecessor-version":[{"id":320,"href":"https:\/\/plan4.ch\/2024\/wp-json\/wp\/v2\/pages\/96\/revisions\/320"}],"wp:attachment":[{"href":"https:\/\/plan4.ch\/2024\/wp-json\/wp\/v2\/media?parent=96"}],"curies":[{"name":"wp","href":"https:\/\/api.w.org\/{rel}","templated":true}]}}